{"id":2839,"date":"2020-06-25T15:50:57","date_gmt":"2020-06-25T14:50:57","guid":{"rendered":"https:\/\/core-attorneys.com\/wordpress\/?page_id=2839"},"modified":"2020-07-05T13:42:18","modified_gmt":"2020-07-05T12:42:18","slug":"compliance","status":"publish","type":"page","link":"https:\/\/core-attorneys.com\/en\/expertise\/compliance\/","title":{"rendered":"Compliance"},"content":{"rendered":"<div data-elementor-type=\"wp-page\" data-elementor-id=\"2839\" class=\"elementor elementor-2839\" data-elementor-post-type=\"page\">\n\t\t\t\t\t\t<section class=\"has_eae_slider elementor-section elementor-top-section elementor-element elementor-element-494093f elementor-section-stretched elementor-section-full_width elementor-section-height-default elementor-section-height-default\" data-eae-slider=\"27676\" data-id=\"494093f\" data-element_type=\"section\" data-e-type=\"section\" data-settings=\"{&quot;stretch_section&quot;:&quot;section-stretched&quot;,&quot;background_background&quot;:&quot;classic&quot;}\">\n\t\t\t\t\t\t<div class=\"elementor-container elementor-column-gap-default\">\n\t\t\t\t\t<div class=\"has_eae_slider elementor-column elementor-col-100 elementor-top-column elementor-element elementor-element-5817830\" data-eae-slider=\"44764\" data-id=\"5817830\" data-element_type=\"column\" data-e-type=\"column\">\n\t\t\t<div class=\"elementor-widget-wrap elementor-element-populated\">\n\t\t\t\t\t\t<div class=\"elementor-element elementor-element-16556e0 elementor-widget elementor-widget-spacer\" data-id=\"16556e0\" data-element_type=\"widget\" data-e-type=\"widget\" data-widget_type=\"spacer.default\">\n\t\t\t\t<div class=\"elementor-widget-container\">\n\t\t\t\t\t\t\t<div class=\"elementor-spacer\">\n\t\t\t<div class=\"elementor-spacer-inner\"><\/div>\n\t\t<\/div>\n\t\t\t\t\t\t<\/div>\n\t\t\t\t<\/div>\n\t\t\t\t\t<\/div>\n\t\t<\/div>\n\t\t\t\t\t<\/div>\n\t\t<\/section>\n\t\t\t\t<section class=\"has_eae_slider elementor-section elementor-top-section elementor-element elementor-element-5606c59 elementor-section-boxed elementor-section-height-default elementor-section-height-default\" data-eae-slider=\"22924\" data-id=\"5606c59\" data-element_type=\"section\" data-e-type=\"section\">\n\t\t\t\t\t\t<div class=\"elementor-container elementor-column-gap-default\">\n\t\t\t\t\t<div class=\"has_eae_slider elementor-column elementor-col-100 elementor-top-column elementor-element elementor-element-6986eb3\" data-eae-slider=\"59781\" data-id=\"6986eb3\" data-element_type=\"column\" data-e-type=\"column\">\n\t\t\t<div class=\"elementor-widget-wrap elementor-element-populated\">\n\t\t\t\t\t\t<div class=\"elementor-element elementor-element-6a698ca elementor-headline--style-highlight elementor-widget elementor-widget-animated-headline\" data-id=\"6a698ca\" data-element_type=\"widget\" data-e-type=\"widget\" data-settings=\"{&quot;marker&quot;:&quot;underline_zigzag&quot;,&quot;highlighted_text&quot;:&quot;Compliance&quot;,&quot;headline_style&quot;:&quot;highlight&quot;,&quot;loop&quot;:&quot;yes&quot;,&quot;highlight_animation_duration&quot;:1200,&quot;highlight_iteration_delay&quot;:8000}\" data-widget_type=\"animated-headline.default\">\n\t\t\t\t<div class=\"elementor-widget-container\">\n\t\t\t\t\t\t\t<h1 class=\"elementor-headline\">\n\t\t\t\t<span class=\"elementor-headline-dynamic-wrapper elementor-headline-text-wrapper\">\n\t\t\t\t\t<span class=\"elementor-headline-dynamic-text elementor-headline-text-active\">Compliance<\/span>\n\t\t\t\t<\/span>\n\t\t\t\t<\/h1>\n\t\t\t\t\t\t<\/div>\n\t\t\t\t<\/div>\n\t\t\t\t<div class=\"elementor-element elementor-element-d1a1b3a elementor-widget elementor-widget-text-editor\" data-id=\"d1a1b3a\" data-element_type=\"widget\" data-e-type=\"widget\" data-widget_type=\"text-editor.default\">\n\t\t\t\t<div class=\"elementor-widget-container\">\n\t\t\t\t\t\t\t\t\t<p>CORE Attorneys assist clients in developing and implementing tailor-made, state-of-the-art compliance programmes concerning competition law, anti-corruption and white collar crimes, including:<\/p>\t\t\t\t\t\t\t\t<\/div>\n\t\t\t\t<\/div>\n\t\t\t\t<div class=\"elementor-element elementor-element-0aa98b6 elementor-icon-list--layout-traditional elementor-list-item-link-full_width elementor-widget elementor-widget-icon-list\" data-id=\"0aa98b6\" data-element_type=\"widget\" data-e-type=\"widget\" data-widget_type=\"icon-list.default\">\n\t\t\t\t<div class=\"elementor-widget-container\">\n\t\t\t\t\t\t\t<ul class=\"elementor-icon-list-items\">\n\t\t\t\t\t\t\t<li class=\"elementor-icon-list-item\">\n\t\t\t\t\t\t\t\t\t\t\t<span class=\"elementor-icon-list-icon\">\n\t\t\t\t\t\t\t<i aria-hidden=\"true\" class=\"fas fa-angle-right\"><\/i>\t\t\t\t\t\t<\/span>\n\t\t\t\t\t\t\t\t\t\t<span class=\"elementor-icon-list-text\">codes of conduct, guidelines and dawn-raid protocols<\/span>\n\t\t\t\t\t\t\t\t\t<\/li>\n\t\t\t\t\t\t\t\t<li class=\"elementor-icon-list-item\">\n\t\t\t\t\t\t\t\t\t\t\t<span class=\"elementor-icon-list-icon\">\n\t\t\t\t\t\t\t<i aria-hidden=\"true\" class=\"fas fa-angle-right\"><\/i>\t\t\t\t\t\t<\/span>\n\t\t\t\t\t\t\t\t\t\t<span class=\"elementor-icon-list-text\">employee trainings and workshops<\/span>\n\t\t\t\t\t\t\t\t\t<\/li>\n\t\t\t\t\t\t\t\t<li class=\"elementor-icon-list-item\">\n\t\t\t\t\t\t\t\t\t\t\t<span class=\"elementor-icon-list-icon\">\n\t\t\t\t\t\t\t<i aria-hidden=\"true\" class=\"fas fa-angle-right\"><\/i>\t\t\t\t\t\t<\/span>\n\t\t\t\t\t\t\t\t\t\t<span class=\"elementor-icon-list-text\">e-learning tools<\/span>\n\t\t\t\t\t\t\t\t\t<\/li>\n\t\t\t\t\t\t\t\t<li class=\"elementor-icon-list-item\">\n\t\t\t\t\t\t\t\t\t\t\t<span class=\"elementor-icon-list-icon\">\n\t\t\t\t\t\t\t<i aria-hidden=\"true\" class=\"fas fa-angle-right\"><\/i>\t\t\t\t\t\t<\/span>\n\t\t\t\t\t\t\t\t\t\t<span class=\"elementor-icon-list-text\">mock dawn-raids<\/span>\n\t\t\t\t\t\t\t\t\t<\/li>\n\t\t\t\t\t\t\t\t<li class=\"elementor-icon-list-item\">\n\t\t\t\t\t\t\t\t\t\t\t<span class=\"elementor-icon-list-icon\">\n\t\t\t\t\t\t\t<i aria-hidden=\"true\" class=\"fas fa-angle-right\"><\/i>\t\t\t\t\t\t<\/span>\n\t\t\t\t\t\t\t\t\t\t<span class=\"elementor-icon-list-text\">compliance audits<\/span>\n\t\t\t\t\t\t\t\t\t<\/li>\n\t\t\t\t\t\t\t\t<li class=\"elementor-icon-list-item\">\n\t\t\t\t\t\t\t\t\t\t\t<span class=\"elementor-icon-list-icon\">\n\t\t\t\t\t\t\t<i aria-hidden=\"true\" class=\"fas fa-angle-right\"><\/i>\t\t\t\t\t\t<\/span>\n\t\t\t\t\t\t\t\t\t\t<span class=\"elementor-icon-list-text\">whistle-blowing programmes<\/span>\n\t\t\t\t\t\t\t\t\t<\/li>\n\t\t\t\t\t\t<\/ul>\n\t\t\t\t\t\t<\/div>\n\t\t\t\t<\/div>\n\t\t\t\t\t<\/div>\n\t\t<\/div>\n\t\t\t\t\t<\/div>\n\t\t<\/section>\n\t\t\t\t<\/div>","protected":false},"excerpt":{"rendered":"<p>CORE Attorneys unterst\u00fctzen Klienten verschiedenster Branchen bei der Entwicklung und Umsetzung massgeschneiderter, moderner Programme zur Einhaltung des Wettbewerbsrechts und zur Bek\u00e4mpfung von Korruption und Wirtschaftskriminalit\u00e4t, darunter: Verhaltenskodizes (Codes of Conduct), Richtlinien und Checklisten bei Hausdurchsuchungen Schulungen von Mitarbeitenden und Workshops&#8230;<\/p>","protected":false},"author":2,"featured_media":0,"parent":269,"menu_order":5,"comment_status":"closed","ping_status":"closed","template":"elementor_header_footer","meta":{"_seopress_robots_primary_cat":"","_seopress_titles_title":"Expertise: Compliance","_seopress_titles_desc":"CORE Attorneys unterst\u00fctzen Klienten bei der Entwicklung von Programmen zur Einhaltung des Wettbewerbsrechts und zur Bek\u00e4mpfung von Wirtschaftskriminalit\u00e4t.","_seopress_robots_index":"","footnotes":""},"class_list":["post-2839","page","type-page","status-publish","hentry"],"_links":{"self":[{"href":"https:\/\/core-attorneys.com\/en\/wp-json\/wp\/v2\/pages\/2839","targetHints":{"allow":["GET"]}}],"collection":[{"href":"https:\/\/core-attorneys.com\/en\/wp-json\/wp\/v2\/pages"}],"about":[{"href":"https:\/\/core-attorneys.com\/en\/wp-json\/wp\/v2\/types\/page"}],"author":[{"embeddable":true,"href":"https:\/\/core-attorneys.com\/en\/wp-json\/wp\/v2\/users\/2"}],"replies":[{"embeddable":true,"href":"https:\/\/core-attorneys.com\/en\/wp-json\/wp\/v2\/comments?post=2839"}],"version-history":[{"count":11,"href":"https:\/\/core-attorneys.com\/en\/wp-json\/wp\/v2\/pages\/2839\/revisions"}],"predecessor-version":[{"id":3572,"href":"https:\/\/core-attorneys.com\/en\/wp-json\/wp\/v2\/pages\/2839\/revisions\/3572"}],"up":[{"embeddable":true,"href":"https:\/\/core-attorneys.com\/en\/wp-json\/wp\/v2\/pages\/269"}],"wp:attachment":[{"href":"https:\/\/core-attorneys.com\/en\/wp-json\/wp\/v2\/media?parent=2839"}],"curies":[{"name":"wp","href":"https:\/\/api.w.org\/{rel}","templated":true}]}}